{"id":536,"date":"2025-05-10T11:48:05","date_gmt":"2025-05-10T11:48:05","guid":{"rendered":"https:\/\/airis.org\/?page_id=536"},"modified":"2025-06-17T15:39:35","modified_gmt":"2025-06-17T15:39:35","slug":"airis-compass","status":"publish","type":"page","link":"https:\/\/airis.org\/es\/airis-compass\/","title":{"rendered":"Comp\u00e1s Airis"},"content":{"rendered":"<p class=\"has-text-align-center has-medium-font-size\" style=\"padding-top:0;padding-bottom:0\">Our work is guided by five principles we consider essential for future-ready leadership and these pillars shape how we design every Lab, every conversation, and every decision-making tool.<\/p>\n\n\n\n<div style=\"height:20px\" aria-hidden=\"true\" class=\"wp-block-spacer\"><\/div>\n\n\n\n<div class=\"wp-block-group alignfull has-white-color has-text-color has-background has-link-color wp-elements-2a444e80adb56011719e59bff42ee304 has-global-padding is-layout-constrained wp-container-core-group-is-layout-7276a2bb wp-block-group-is-layout-constrained\" style=\"background-color:#681444;margin-top:0;margin-bottom:0;padding-top:var(--wp--preset--spacing--60);padding-right:var(--wp--preset--spacing--30);padding-bottom:var(--wp--preset--spacing--60);padding-left:var(--wp--preset--spacing--30)\">\n<div class=\"wp-block-group has-global-padding is-layout-constrained wp-block-group-is-layout-constrained\">\n<h2 class=\"wp-block-heading has-text-align-center has-white-color has-text-color has-link-color has-large-font-size wp-elements-509ff80708369800ded6a17dcaed33d9\">AIRIS Futuro<br>Br\u00fajula de gobernanza<\/h2>\n\n\n\n<div style=\"height:46px\" aria-hidden=\"true\" class=\"wp-block-spacer\"><\/div>\n\n\n\n<p class=\"has-text-align-center\"><\/p>\n<\/div>\n\n\n\n<div class=\"wp-block-columns is-layout-flex wp-container-core-columns-is-layout-28f84493 wp-block-columns-is-layout-flex\">\n<div class=\"wp-block-column is-layout-flow wp-block-column-is-layout-flow\" style=\"flex-basis:250px\">\n<h2 class=\"wp-block-heading has-text-align-center has-white-color has-text-color has-link-color wp-elements-163f9e4d0d5675a49c3d069cbd1bfc8d\">Anticipaci\u00f3n<\/h2>\n\n\n\n<p class=\"has-text-align-center\">Adel\u00e1ntese al cambio. Desarrolle la previsi\u00f3n necesaria para detectar se\u00f1ales tempranas, sortear riesgos y tomar decisiones antes de que se produzcan trastornos.<\/p>\n<\/div>\n\n\n\n<div class=\"wp-block-column is-layout-flow wp-block-column-is-layout-flow\"><\/div>\n\n\n\n<div class=\"wp-block-column is-layout-flow wp-block-column-is-layout-flow\" style=\"flex-basis:250px\">\n<h2 class=\"wp-block-heading has-text-align-center has-white-color has-text-color has-link-color wp-elements-82d7b3443e589ce9c1bed911a2db7f53\">Innovaci\u00f3n<\/h2>\n\n\n\n<p class=\"has-text-align-center\">Replantearse la gobernanza. Adopte nuevos modelos, herramientas digitales y experimentaci\u00f3n estrat\u00e9gica para liderar con creatividad y adaptabilidad.<\/p>\n<\/div>\n\n\n\n<div class=\"wp-block-column is-layout-flow wp-block-column-is-layout-flow\"><\/div>\n\n\n\n<div class=\"wp-block-column is-layout-flow wp-block-column-is-layout-flow\" style=\"flex-basis:250px\">\n<h2 class=\"wp-block-heading has-text-align-center has-white-color has-text-color has-link-color wp-elements-94cf88b6625bf919ea71bb0d4bdcf7a3\">Resiliencia<\/h2>\n\n\n\n<p class=\"has-text-align-center\">Strengthen your capacity to adapt and recover. Build robust systems and leadership practices that thrive in complexity and uncertainty.<\/p>\n<\/div>\n<\/div>\n\n\n\n<div class=\"wp-block-columns is-layout-flex wp-container-core-columns-is-layout-28f84493 wp-block-columns-is-layout-flex\">\n<div class=\"wp-block-column is-layout-flow wp-block-column-is-layout-flow\"><\/div>\n\n\n\n<div class=\"wp-block-column is-layout-flow wp-block-column-is-layout-flow\" style=\"flex-basis:250px\">\n<h2 class=\"wp-block-heading has-text-align-center has-white-color has-text-color has-link-color wp-elements-4b6fa0a9dca6971349f79d8ba28758b0\">Integrity<\/h2>\n\n\n\n<p class=\"has-text-align-center\">Lead with what matters. Anchor decisions in ethics, responsibility, and long-term alignment between values, people, and performance.<\/p>\n<\/div>\n\n\n\n<div class=\"wp-block-column is-layout-flow wp-block-column-is-layout-flow\" style=\"flex-basis:250px\"><\/div>\n\n\n\n<div class=\"wp-block-column is-layout-flow wp-block-column-is-layout-flow\" style=\"flex-basis:250px\">\n<h2 class=\"wp-block-heading has-text-align-center has-white-color has-text-color has-link-color wp-elements-722cd2c8e7813e70e2a8dd099aa1c7c5\">Sustainability<\/h2>\n\n\n\n<p class=\"has-text-align-center\">Think beyond today. Ensure that your governance decisions generate value for the planet, future generations, and society as a whole.<\/p>\n<\/div>\n\n\n\n<div class=\"wp-block-column is-layout-flow wp-block-column-is-layout-flow\"><\/div>\n<\/div>\n<\/div>","protected":false},"excerpt":{"rendered":"<p>Our work is guided by five principles we consider essential for future-ready leadership and these pillars shape how we design every Lab, every conversation, and every decision-making tool. AIRIS FutureGovernance Compass Anticipation Stay ahead of change. Develop the foresight to detect early signals, navigate risks, and shape decisions before disruption hits Innovation Rethink governance. Embrace &hellip; <\/p>\n<p class=\"link-more\"><a href=\"https:\/\/airis.org\/es\/airis-compass\/\" class=\"more-link\">Leer m\u00e1s<span class=\"screen-reader-text\"> \u00abAiris Compass\u00bb<\/span><\/a><\/p>","protected":false},"author":2,"featured_media":0,"parent":0,"menu_order":0,"comment_status":"closed","ping_status":"closed","template":"","meta":{"inspiro_hide_title":false,"footnotes":""},"class_list":["post-536","page","type-page","status-publish","hentry"],"aioseo_notices":[],"_links":{"self":[{"href":"https:\/\/airis.org\/es\/wp-json\/wp\/v2\/pages\/536","targetHints":{"allow":["GET"]}}],"collection":[{"href":"https:\/\/airis.org\/es\/wp-json\/wp\/v2\/pages"}],"about":[{"href":"https:\/\/airis.org\/es\/wp-json\/wp\/v2\/types\/page"}],"author":[{"embeddable":true,"href":"https:\/\/airis.org\/es\/wp-json\/wp\/v2\/users\/2"}],"replies":[{"embeddable":true,"href":"https:\/\/airis.org\/es\/wp-json\/wp\/v2\/comments?post=536"}],"version-history":[{"count":10,"href":"https:\/\/airis.org\/es\/wp-json\/wp\/v2\/pages\/536\/revisions"}],"predecessor-version":[{"id":833,"href":"https:\/\/airis.org\/es\/wp-json\/wp\/v2\/pages\/536\/revisions\/833"}],"wp:attachment":[{"href":"https:\/\/airis.org\/es\/wp-json\/wp\/v2\/media?parent=536"}],"curies":[{"name":"wp","href":"https:\/\/api.w.org\/{rel}","templated":true}]}}